{"id":2659,"date":"2021-11-10T22:57:06","date_gmt":"2021-11-10T22:57:06","guid":{"rendered":"http:\/\/inventocom.com.br\/locavargem\/?page_id=2659"},"modified":"2021-12-08T18:14:23","modified_gmt":"2021-12-08T18:14:23","slug":"desassoreamento-de-corregos","status":"publish","type":"page","link":"https:\/\/www.locavargem.com.br\/index.php\/desassoreamento-de-corregos\/","title":{"rendered":"Desassoreamento de c\u00f3rregos"},"content":{"rendered":"\t\t<div data-elementor-type=\"wp-page\" data-elementor-id=\"2659\" class=\"elementor elementor-2659\" data-elementor-settings=\"[]\">\n\t\t\t\t\t\t\t<div class=\"elementor-section-wrap\">\n\t\t\t\t\t\t\t<section class=\"elementor-section elementor-top-section elementor-element elementor-element-27ab76e elementor-section-boxed elementor-section-height-default elementor-section-height-default\" data-id=\"27ab76e\" data-element_type=\"section\" data-settings=\"{&quot;background_background&quot;:&quot;classic&quot;}\">\n\t\t\t\t\t\t\t<div class=\"elementor-background-overlay\"><\/div>\n\t\t\t\t\t\t\t<div class=\"elementor-container elementor-column-gap-no\">\n\t\t\t\t\t<div class=\"elementor-column elementor-col-100 elementor-top-column elementor-element elementor-element-7c32940\" data-id=\"7c32940\" data-element_type=\"column\" data-settings=\"{&quot;background_background&quot;:&quot;classic&quot;}\">\n\t\t\t<div class=\"elementor-widget-wrap elementor-element-populated\">\n\t\t\t\t\t\t\t\t<div class=\"elementor-element elementor-element-43106c3 elementor-widget elementor-widget-heading\" data-id=\"43106c3\" data-element_type=\"widget\" data-widget_type=\"heading.default\">\n\t\t\t\t<div class=\"elementor-widget-container\">\n\t\t\t<h1 class=\"elementor-heading-title elementor-size-default\">Nossos servi\u00e7os<\/h1>\t\t<\/div>\n\t\t\t\t<\/div>\n\t\t\t\t\t<\/div>\n\t\t<\/div>\n\t\t\t\t\t\t\t<\/div>\n\t\t<\/section>\n\t\t\t\t<section class=\"elementor-section elementor-top-section elementor-element elementor-element-13678fe elementor-section-content-middle elementor-section-boxed elementor-section-height-default elementor-section-height-default\" data-id=\"13678fe\" data-element_type=\"section\" data-settings=\"{&quot;background_background&quot;:&quot;gradient&quot;}\">\n\t\t\t\t\t\t<div class=\"elementor-container elementor-column-gap-no\">\n\t\t\t\t\t<div class=\"elementor-column elementor-col-100 elementor-top-column elementor-element elementor-element-b4295e0\" data-id=\"b4295e0\" data-element_type=\"column\">\n\t\t\t<div class=\"elementor-widget-wrap elementor-element-populated\">\n\t\t\t\t\t\t\t\t<section class=\"elementor-section elementor-inner-section elementor-element elementor-element-e6f12a8 elementor-section-content-middle elementor-section-boxed elementor-section-height-default elementor-section-height-default\" data-id=\"e6f12a8\" data-element_type=\"section\">\n\t\t\t\t\t\t<div class=\"elementor-container elementor-column-gap-no\">\n\t\t\t\t\t<div class=\"elementor-column elementor-col-50 elementor-inner-column elementor-element elementor-element-d8eabf1\" data-id=\"d8eabf1\" data-element_type=\"column\">\n\t\t\t<div class=\"elementor-widget-wrap elementor-element-populated\">\n\t\t\t\t\t\t\t\t<div class=\"elementor-element elementor-element-1012bc5 elementor-widget elementor-widget-image\" data-id=\"1012bc5\" data-element_type=\"widget\" data-widget_type=\"image.default\">\n\t\t\t\t<div class=\"elementor-widget-container\">\n\t\t\t\t\t\t\t\t\t\t\t\t\t\t\t<img width=\"480\" height=\"540\" src=\"https:\/\/www.locavargem.com.br\/wp-content\/uploads\/2021\/11\/desassoreamento-corrego.jpg\" class=\"attachment-full size-full\" alt=\"\" loading=\"lazy\" srcset=\"https:\/\/www.locavargem.com.br\/wp-content\/uploads\/2021\/11\/desassoreamento-corrego.jpg 480w, https:\/\/www.locavargem.com.br\/wp-content\/uploads\/2021\/11\/desassoreamento-corrego-267x300.jpg 267w\" sizes=\"(max-width: 480px) 100vw, 480px\" \/>\t\t\t\t\t\t\t\t\t\t\t\t\t\t\t<\/div>\n\t\t\t\t<\/div>\n\t\t\t\t\t<\/div>\n\t\t<\/div>\n\t\t\t\t<div class=\"elementor-column elementor-col-50 elementor-inner-column elementor-element elementor-element-8342289\" data-id=\"8342289\" data-element_type=\"column\">\n\t\t\t<div class=\"elementor-widget-wrap elementor-element-populated\">\n\t\t\t\t\t\t\t\t<div class=\"elementor-element elementor-element-6b3171f elementor-widget elementor-widget-heading\" data-id=\"6b3171f\" data-element_type=\"widget\" data-widget_type=\"heading.default\">\n\t\t\t\t<div class=\"elementor-widget-container\">\n\t\t\t<h2 class=\"elementor-heading-title elementor-size-default\">Desassoreamento de c\u00f3rregos<\/h2>\t\t<\/div>\n\t\t\t\t<\/div>\n\t\t\t\t<div class=\"elementor-element elementor-element-6b69168 elementor-widget-divider--view-line elementor-widget elementor-widget-divider\" data-id=\"6b69168\" data-element_type=\"widget\" data-widget_type=\"divider.default\">\n\t\t\t\t<div class=\"elementor-widget-container\">\n\t\t\t\t\t<div class=\"elementor-divider\">\n\t\t\t<span class=\"elementor-divider-separator\">\n\t\t\t\t\t\t<\/span>\n\t\t<\/div>\n\t\t\t\t<\/div>\n\t\t\t\t<\/div>\n\t\t\t\t<div class=\"elementor-element elementor-element-f4dfc7b elementor-widget elementor-widget-text-editor\" data-id=\"f4dfc7b\" data-element_type=\"widget\" data-widget_type=\"text-editor.default\">\n\t\t\t\t<div class=\"elementor-widget-container\">\n\t\t\t\t\t\t\t<p><span style=\"font-weight: 400;\">O desassoreamento de c\u00f3rregos \u00e9 uma atividade extremamente necess\u00e1ria e tamb\u00e9m um dos servi\u00e7os mais importantes para o setor p\u00fablico. O principal objetivo desse servi\u00e7o \u00e9 realizar a retirada de res\u00edduos que ficam acumulados no fundo dos c\u00f3rregos, prejudicando gravemente a circula\u00e7\u00e3o e a vaz\u00e3o da \u00e1gua ou outros l\u00edquidos nesses locais, ajudando nos problemas de enchentes causadas por esses excessos de res\u00edduos.\u00a0\u00a0<\/span><\/p>\t\t\t\t\t\t<\/div>\n\t\t\t\t<\/div>\n\t\t\t\t\t<\/div>\n\t\t<\/div>\n\t\t\t\t\t\t\t<\/div>\n\t\t<\/section>\n\t\t\t\t<div class=\"elementor-element elementor-element-8a36662 elementor-widget elementor-widget-spacer\" data-id=\"8a36662\" data-element_type=\"widget\" data-widget_type=\"spacer.default\">\n\t\t\t\t<div class=\"elementor-widget-container\">\n\t\t\t\t\t<div class=\"elementor-spacer\">\n\t\t\t<div class=\"elementor-spacer-inner\"><\/div>\n\t\t<\/div>\n\t\t\t\t<\/div>\n\t\t\t\t<\/div>\n\t\t\t\t\t<\/div>\n\t\t<\/div>\n\t\t\t\t\t\t\t<\/div>\n\t\t<\/section>\n\t\t\t\t<section class=\"elementor-section elementor-top-section elementor-element elementor-element-3e08ce2 elementor-section-content-middle elementor-section-boxed elementor-section-height-default elementor-section-height-default\" data-id=\"3e08ce2\" data-element_type=\"section\" data-settings=\"{&quot;background_background&quot;:&quot;classic&quot;}\">\n\t\t\t\t\t\t<div class=\"elementor-container elementor-column-gap-no\">\n\t\t\t\t\t<div class=\"elementor-column elementor-col-100 elementor-top-column elementor-element elementor-element-cb591ca\" data-id=\"cb591ca\" data-element_type=\"column\">\n\t\t\t<div class=\"elementor-widget-wrap elementor-element-populated\">\n\t\t\t\t\t\t\t\t<section class=\"elementor-section elementor-inner-section elementor-element elementor-element-75c4ed0 elementor-section-content-middle elementor-section-boxed elementor-section-height-default elementor-section-height-default\" data-id=\"75c4ed0\" data-element_type=\"section\">\n\t\t\t\t\t\t<div class=\"elementor-container elementor-column-gap-no\">\n\t\t\t\t\t<div class=\"elementor-column elementor-col-50 elementor-inner-column elementor-element elementor-element-81faba7\" data-id=\"81faba7\" data-element_type=\"column\">\n\t\t\t<div class=\"elementor-widget-wrap elementor-element-populated\">\n\t\t\t\t\t\t\t\t<div class=\"elementor-element elementor-element-2cf67bb elementor-widget-divider--view-line elementor-widget elementor-widget-divider\" data-id=\"2cf67bb\" data-element_type=\"widget\" data-widget_type=\"divider.default\">\n\t\t\t\t<div class=\"elementor-widget-container\">\n\t\t\t\t\t<div class=\"elementor-divider\">\n\t\t\t<span class=\"elementor-divider-separator\">\n\t\t\t\t\t\t<\/span>\n\t\t<\/div>\n\t\t\t\t<\/div>\n\t\t\t\t<\/div>\n\t\t\t\t<div class=\"elementor-element elementor-element-c8948ac elementor-widget elementor-widget-text-editor\" data-id=\"c8948ac\" data-element_type=\"widget\" data-widget_type=\"text-editor.default\">\n\t\t\t\t<div class=\"elementor-widget-container\">\n\t\t\t\t\t\t\t<p><span style=\"font-weight: 400;\">O desassoreamento de c\u00f3rregos pode ser feito de diferentes formas e com a utiliza\u00e7\u00e3o de diversos mecanismos e tecnologias. Normalmente, os equipamentos mais utilizados s\u00e3o as escavadeiras hidr\u00e1ulicas, dragline e as dragas de suc\u00e7\u00e3o e recalque. Dependendo do tamanho do local que passar\u00e1 pelo processo de desassoreamento de c\u00f3rregos, pode ser necess\u00e1ria a utiliza\u00e7\u00e3o de m\u00e1quinas de grande porte, al\u00e9m de caminh\u00f5es para transporte dos res\u00edduos.<\/span><\/p>\t\t\t\t\t\t<\/div>\n\t\t\t\t<\/div>\n\t\t\t\t<div class=\"elementor-element elementor-element-ab24f93 elementor-mobile-align-left elementor-widget elementor-widget-button\" data-id=\"ab24f93\" data-element_type=\"widget\" data-widget_type=\"button.default\">\n\t\t\t\t<div class=\"elementor-widget-container\">\n\t\t\t\t\t<div class=\"elementor-button-wrapper\">\n\t\t\t<a href=\"#\" class=\"elementor-button-link elementor-button elementor-size-sm\" role=\"button\">\n\t\t\t\t\t\t<span class=\"elementor-button-content-wrapper\">\n\t\t\t\t\t\t<span class=\"elementor-button-icon elementor-align-icon-right\">\n\t\t\t\t<svg xmlns=\"http:\/\/www.w3.org\/2000\/svg\" viewBox=\"0 0 32 32\"><path d=\"M 18.71875 6.78125 L 17.28125 8.21875 L 24.0625 15 L 4 15 L 4 17 L 24.0625 17 L 17.28125 23.78125 L 18.71875 25.21875 L 27.21875 16.71875 L 27.90625 16 L 27.21875 15.28125 Z\"><\/path><\/svg>\t\t\t<\/span>\n\t\t\t\t\t\t<span class=\"elementor-button-text\">Or\u00e7amento<\/span>\n\t\t<\/span>\n\t\t\t\t\t<\/a>\n\t\t<\/div>\n\t\t\t\t<\/div>\n\t\t\t\t<\/div>\n\t\t\t\t\t<\/div>\n\t\t<\/div>\n\t\t\t\t<div class=\"elementor-column elementor-col-50 elementor-inner-column elementor-element elementor-element-a9e79a8\" data-id=\"a9e79a8\" data-element_type=\"column\">\n\t\t\t<div class=\"elementor-widget-wrap elementor-element-populated\">\n\t\t\t\t\t\t\t\t<div class=\"elementor-element elementor-element-d2c2dfa elementor-widget elementor-widget-image\" data-id=\"d2c2dfa\" data-element_type=\"widget\" data-widget_type=\"image.default\">\n\t\t\t\t<div class=\"elementor-widget-container\">\n\t\t\t\t\t\t\t\t\t\t\t\t\t\t\t<img width=\"480\" height=\"540\" src=\"https:\/\/www.locavargem.com.br\/wp-content\/uploads\/2021\/11\/desassoreamento-corrego2.jpg\" class=\"attachment-full size-full\" alt=\"\" loading=\"lazy\" srcset=\"https:\/\/www.locavargem.com.br\/wp-content\/uploads\/2021\/11\/desassoreamento-corrego2.jpg 480w, https:\/\/www.locavargem.com.br\/wp-content\/uploads\/2021\/11\/desassoreamento-corrego2-267x300.jpg 267w\" sizes=\"(max-width: 480px) 100vw, 480px\" \/>\t\t\t\t\t\t\t\t\t\t\t\t\t\t\t<\/div>\n\t\t\t\t<\/div>\n\t\t\t\t\t<\/div>\n\t\t<\/div>\n\t\t\t\t\t\t\t<\/div>\n\t\t<\/section>\n\t\t\t\t\t<\/div>\n\t\t<\/div>\n\t\t\t\t\t\t\t<\/div>\n\t\t<\/section>\n\t\t\t\t\t\t<\/div>\n\t\t\t\t\t<\/div>\n\t\t","protected":false},"excerpt":{"rendered":"<p>Nossos servi\u00e7os Desassoreamento de c\u00f3rregos O desassoreamento de c\u00f3rregos \u00e9 uma atividade extremamente necess\u00e1ria e tamb\u00e9m um dos servi\u00e7os mais importantes para o setor p\u00fablico. O principal objetivo desse servi\u00e7o \u00e9 realizar a retirada de res\u00edduos que ficam acumulados no fundo dos c\u00f3rregos, prejudicando gravemente a circula\u00e7\u00e3o e a vaz\u00e3o da \u00e1gua ou outros l\u00edquidos &hellip;<\/p>\n<p class=\"read-more\"> <a class=\"\" href=\"https:\/\/www.locavargem.com.br\/index.php\/desassoreamento-de-corregos\/\"> <span class=\"screen-reader-text\">Desassoreamento de c\u00f3rregos<\/span> Leia mais &raquo;<\/a><\/p>\n","protected":false},"author":1,"featured_media":0,"parent":0,"menu_order":0,"comment_status":"closed","ping_status":"closed","template":"","meta":{"site-sidebar-layout":"no-sidebar","site-content-layout":"page-builder","ast-main-header-display":"","ast-hfb-above-header-display":"","ast-hfb-below-header-display":"","ast-hfb-mobile-header-display":"","site-post-title":"disabled","ast-breadcrumbs-content":"","ast-featured-img":"disabled","footer-sml-layout":"","theme-transparent-header-meta":"enabled","adv-header-id-meta":"","stick-header-meta":"","header-above-stick-meta":"","header-main-stick-meta":"","header-below-stick-meta":""},"_links":{"self":[{"href":"https:\/\/www.locavargem.com.br\/index.php\/wp-json\/wp\/v2\/pages\/2659"}],"collection":[{"href":"https:\/\/www.locavargem.com.br\/index.php\/wp-json\/wp\/v2\/pages"}],"about":[{"href":"https:\/\/www.locavargem.com.br\/index.php\/wp-json\/wp\/v2\/types\/page"}],"author":[{"embeddable":true,"href":"https:\/\/www.locavargem.com.br\/index.php\/wp-json\/wp\/v2\/users\/1"}],"replies":[{"embeddable":true,"href":"https:\/\/www.locavargem.com.br\/index.php\/wp-json\/wp\/v2\/comments?post=2659"}],"version-history":[{"count":19,"href":"https:\/\/www.locavargem.com.br\/index.php\/wp-json\/wp\/v2\/pages\/2659\/revisions"}],"predecessor-version":[{"id":2904,"href":"https:\/\/www.locavargem.com.br\/index.php\/wp-json\/wp\/v2\/pages\/2659\/revisions\/2904"}],"wp:attachment":[{"href":"https:\/\/www.locavargem.com.br\/index.php\/wp-json\/wp\/v2\/media?parent=2659"}],"curies":[{"name":"wp","href":"https:\/\/api.w.org\/{rel}","templated":true}]}}